{"id":93,"date":"2021-01-17T19:25:12","date_gmt":"2021-01-17T19:25:12","guid":{"rendered":"http:\/\/mezeshegyiloter.hu\/wordpress\/?page_id=93"},"modified":"2025-01-08T18:28:22","modified_gmt":"2025-01-08T18:28:22","slug":"galleria","status":"publish","type":"page","link":"https:\/\/mezeshegyiloter.hu\/wordpress\/galleria\/","title":{"rendered":"Gall\u00e9ria"},"content":{"rendered":"\n<p class=\"has-text-align-center\" style=\"font-size:25px\"><em>Bel\u00f6v\u0151p\u00e1lya<\/em><\/p>\n\n\n\n<figure class=\"wp-block-gallery has-nested-images columns-default is-cropped wp-block-gallery-1 is-layout-flex wp-block-gallery-is-layout-flex\">\n<figure class=\"wp-block-image size-large\"><img loading=\"lazy\" decoding=\"async\" width=\"1024\" height=\"614\" data-id=\"111\" src=\"https:\/\/mezeshegyiloter.hu\/wordpress\/wp-content\/uploads\/2021\/01\/100m-es-belovopalya-2-1.jpg\" alt=\"\" class=\"wp-image-111\" srcset=\"https:\/\/mezeshegyiloter.hu\/wordpress\/wp-content\/uploads\/2021\/01\/100m-es-belovopalya-2-1.jpg 1024w, https:\/\/mezeshegyiloter.hu\/wordpress\/wp-content\/uploads\/2021\/01\/100m-es-belovopalya-2-1-300x180.jpg 300w, https:\/\/mezeshegyiloter.hu\/wordpress\/wp-content\/uploads\/2021\/01\/100m-es-belovopalya-2-1-768x461.jpg 768w\" sizes=\"auto, (max-width: 1024px) 100vw, 1024px\" \/><\/figure>\n\n\n\n<figure class=\"wp-block-image size-large\"><img loading=\"lazy\" decoding=\"async\" width=\"1024\" height=\"614\" data-id=\"112\" src=\"https:\/\/mezeshegyiloter.hu\/wordpress\/wp-content\/uploads\/2021\/01\/100m-es-belovopalya-3-1024x614.jpg\" alt=\"\" class=\"wp-image-112\" srcset=\"https:\/\/mezeshegyiloter.hu\/wordpress\/wp-content\/uploads\/2021\/01\/100m-es-belovopalya-3-1024x614.jpg 1024w, https:\/\/mezeshegyiloter.hu\/wordpress\/wp-content\/uploads\/2021\/01\/100m-es-belovopalya-3-300x180.jpg 300w, https:\/\/mezeshegyiloter.hu\/wordpress\/wp-content\/uploads\/2021\/01\/100m-es-belovopalya-3-768x461.jpg 768w, https:\/\/mezeshegyiloter.hu\/wordpress\/wp-content\/uploads\/2021\/01\/100m-es-belovopalya-3-1536x922.jpg 1536w, https:\/\/mezeshegyiloter.hu\/wordpress\/wp-content\/uploads\/2021\/01\/100m-es-belovopalya-3-2048x1229.jpg 2048w\" sizes=\"auto, (max-width: 1024px) 100vw, 1024px\" \/><\/figure>\n\n\n\n<figure class=\"wp-block-image size-large\"><img loading=\"lazy\" decoding=\"async\" width=\"1024\" height=\"614\" data-id=\"113\" src=\"https:\/\/mezeshegyiloter.hu\/wordpress\/wp-content\/uploads\/2021\/01\/100m-es-belovopalya-6-1024x614.jpg\" alt=\"\" class=\"wp-image-113\" srcset=\"https:\/\/mezeshegyiloter.hu\/wordpress\/wp-content\/uploads\/2021\/01\/100m-es-belovopalya-6-1024x614.jpg 1024w, https:\/\/mezeshegyiloter.hu\/wordpress\/wp-content\/uploads\/2021\/01\/100m-es-belovopalya-6-300x180.jpg 300w, https:\/\/mezeshegyiloter.hu\/wordpress\/wp-content\/uploads\/2021\/01\/100m-es-belovopalya-6-768x461.jpg 768w, https:\/\/mezeshegyiloter.hu\/wordpress\/wp-content\/uploads\/2021\/01\/100m-es-belovopalya-6-1536x922.jpg 1536w, https:\/\/mezeshegyiloter.hu\/wordpress\/wp-content\/uploads\/2021\/01\/100m-es-belovopalya-6-2048x1229.jpg 2048w\" sizes=\"auto, (max-width: 1024px) 100vw, 1024px\" \/><\/figure>\n\n\n\n<figure class=\"wp-block-image size-large\"><img loading=\"lazy\" decoding=\"async\" width=\"1024\" height=\"614\" data-id=\"114\" src=\"https:\/\/mezeshegyiloter.hu\/wordpress\/wp-content\/uploads\/2021\/01\/100m-es-belovopalya.jpg\" alt=\"\" class=\"wp-image-114\" srcset=\"https:\/\/mezeshegyiloter.hu\/wordpress\/wp-content\/uploads\/2021\/01\/100m-es-belovopalya.jpg 1024w, https:\/\/mezeshegyiloter.hu\/wordpress\/wp-content\/uploads\/2021\/01\/100m-es-belovopalya-300x180.jpg 300w, https:\/\/mezeshegyiloter.hu\/wordpress\/wp-content\/uploads\/2021\/01\/100m-es-belovopalya-768x461.jpg 768w\" sizes=\"auto, (max-width: 1024px) 100vw, 1024px\" \/><\/figure>\n\n\n\n<figure class=\"wp-block-image size-large\"><img loading=\"lazy\" decoding=\"async\" width=\"1024\" height=\"614\" data-id=\"115\" src=\"https:\/\/mezeshegyiloter.hu\/wordpress\/wp-content\/uploads\/2021\/01\/230-1024x614.jpg\" alt=\"\" class=\"wp-image-115\" srcset=\"https:\/\/mezeshegyiloter.hu\/wordpress\/wp-content\/uploads\/2021\/01\/230-1024x614.jpg 1024w, https:\/\/mezeshegyiloter.hu\/wordpress\/wp-content\/uploads\/2021\/01\/230-300x180.jpg 300w, https:\/\/mezeshegyiloter.hu\/wordpress\/wp-content\/uploads\/2021\/01\/230-768x461.jpg 768w, https:\/\/mezeshegyiloter.hu\/wordpress\/wp-content\/uploads\/2021\/01\/230-1536x922.jpg 1536w, https:\/\/mezeshegyiloter.hu\/wordpress\/wp-content\/uploads\/2021\/01\/230-2048x1229.jpg 2048w\" sizes=\"auto, (max-width: 1024px) 100vw, 1024px\" \/><\/figure>\n\n\n\n<figure class=\"wp-block-image size-large\"><img loading=\"lazy\" decoding=\"async\" width=\"1024\" height=\"614\" data-id=\"116\" src=\"https:\/\/mezeshegyiloter.hu\/wordpress\/wp-content\/uploads\/2021\/01\/231-1024x614.jpg\" alt=\"\" class=\"wp-image-116\" srcset=\"https:\/\/mezeshegyiloter.hu\/wordpress\/wp-content\/uploads\/2021\/01\/231-1024x614.jpg 1024w, https:\/\/mezeshegyiloter.hu\/wordpress\/wp-content\/uploads\/2021\/01\/231-300x180.jpg 300w, https:\/\/mezeshegyiloter.hu\/wordpress\/wp-content\/uploads\/2021\/01\/231-768x461.jpg 768w, https:\/\/mezeshegyiloter.hu\/wordpress\/wp-content\/uploads\/2021\/01\/231-1536x922.jpg 1536w, https:\/\/mezeshegyiloter.hu\/wordpress\/wp-content\/uploads\/2021\/01\/231-2048x1229.jpg 2048w\" sizes=\"auto, (max-width: 1024px) 100vw, 1024px\" \/><\/figure>\n\n\n\n<figure class=\"wp-block-image size-large\"><img loading=\"lazy\" decoding=\"async\" width=\"1024\" height=\"614\" data-id=\"118\" src=\"https:\/\/mezeshegyiloter.hu\/wordpress\/wp-content\/uploads\/2021\/01\/233-1024x614.jpg\" alt=\"\" class=\"wp-image-118\" srcset=\"https:\/\/mezeshegyiloter.hu\/wordpress\/wp-content\/uploads\/2021\/01\/233-1024x614.jpg 1024w, https:\/\/mezeshegyiloter.hu\/wordpress\/wp-content\/uploads\/2021\/01\/233-300x180.jpg 300w, https:\/\/mezeshegyiloter.hu\/wordpress\/wp-content\/uploads\/2021\/01\/233-768x461.jpg 768w, https:\/\/mezeshegyiloter.hu\/wordpress\/wp-content\/uploads\/2021\/01\/233-1536x922.jpg 1536w, https:\/\/mezeshegyiloter.hu\/wordpress\/wp-content\/uploads\/2021\/01\/233-2048x1229.jpg 2048w\" sizes=\"auto, (max-width: 1024px) 100vw, 1024px\" \/><\/figure>\n\n\n\n<figure class=\"wp-block-image size-large\"><img loading=\"lazy\" decoding=\"async\" width=\"1024\" height=\"614\" data-id=\"119\" src=\"https:\/\/mezeshegyiloter.hu\/wordpress\/wp-content\/uploads\/2021\/01\/236-1024x614.jpg\" alt=\"\" class=\"wp-image-119\" srcset=\"https:\/\/mezeshegyiloter.hu\/wordpress\/wp-content\/uploads\/2021\/01\/236-1024x614.jpg 1024w, https:\/\/mezeshegyiloter.hu\/wordpress\/wp-content\/uploads\/2021\/01\/236-300x180.jpg 300w, https:\/\/mezeshegyiloter.hu\/wordpress\/wp-content\/uploads\/2021\/01\/236-768x461.jpg 768w, https:\/\/mezeshegyiloter.hu\/wordpress\/wp-content\/uploads\/2021\/01\/236-1536x922.jpg 1536w, https:\/\/mezeshegyiloter.hu\/wordpress\/wp-content\/uploads\/2021\/01\/236-2048x1229.jpg 2048w\" sizes=\"auto, (max-width: 1024px) 100vw, 1024px\" \/><\/figure>\n<\/figure>\n\n\n\n<p class=\"has-text-align-center\" style=\"font-size:25px\"><em>Pillanatk\u00e9pek<\/em><\/p>\n\n\n\n<figure class=\"wp-block-gallery has-nested-images columns-default is-cropped wp-block-gallery-2 is-layout-flex wp-block-gallery-is-layout-flex\">\n<figure class=\"wp-block-image size-large\"><img loading=\"lazy\" decoding=\"async\" width=\"1024\" height=\"575\" data-id=\"120\" src=\"https:\/\/mezeshegyiloter.hu\/wordpress\/wp-content\/uploads\/2021\/01\/fegyverek-1024x575.jpg\" alt=\"\" class=\"wp-image-120\" srcset=\"https:\/\/mezeshegyiloter.hu\/wordpress\/wp-content\/uploads\/2021\/01\/fegyverek-1024x575.jpg 1024w, https:\/\/mezeshegyiloter.hu\/wordpress\/wp-content\/uploads\/2021\/01\/fegyverek-300x168.jpg 300w, https:\/\/mezeshegyiloter.hu\/wordpress\/wp-content\/uploads\/2021\/01\/fegyverek-768x431.jpg 768w, https:\/\/mezeshegyiloter.hu\/wordpress\/wp-content\/uploads\/2021\/01\/fegyverek-1536x863.jpg 1536w, https:\/\/mezeshegyiloter.hu\/wordpress\/wp-content\/uploads\/2021\/01\/fegyverek-2048x1150.jpg 2048w, https:\/\/mezeshegyiloter.hu\/wordpress\/wp-content\/uploads\/2021\/01\/fegyverek-1920x1080.jpg 1920w\" sizes=\"auto, (max-width: 1024px) 100vw, 1024px\" \/><\/figure>\n\n\n\n<figure class=\"wp-block-image size-large\"><img loading=\"lazy\" decoding=\"async\" width=\"1024\" height=\"575\" data-id=\"121\" src=\"https:\/\/mezeshegyiloter.hu\/wordpress\/wp-content\/uploads\/2021\/01\/golyos-1024x575.jpg\" alt=\"\" class=\"wp-image-121\" srcset=\"https:\/\/mezeshegyiloter.hu\/wordpress\/wp-content\/uploads\/2021\/01\/golyos-1024x575.jpg 1024w, https:\/\/mezeshegyiloter.hu\/wordpress\/wp-content\/uploads\/2021\/01\/golyos-300x168.jpg 300w, https:\/\/mezeshegyiloter.hu\/wordpress\/wp-content\/uploads\/2021\/01\/golyos-768x431.jpg 768w, https:\/\/mezeshegyiloter.hu\/wordpress\/wp-content\/uploads\/2021\/01\/golyos-1536x863.jpg 1536w, https:\/\/mezeshegyiloter.hu\/wordpress\/wp-content\/uploads\/2021\/01\/golyos-2048x1150.jpg 2048w, https:\/\/mezeshegyiloter.hu\/wordpress\/wp-content\/uploads\/2021\/01\/golyos-1920x1080.jpg 1920w\" sizes=\"auto, (max-width: 1024px) 100vw, 1024px\" \/><\/figure>\n\n\n\n<figure class=\"wp-block-image size-large\"><img loading=\"lazy\" decoding=\"async\" width=\"1024\" height=\"575\" data-id=\"122\" src=\"https:\/\/mezeshegyiloter.hu\/wordpress\/wp-content\/uploads\/2021\/01\/koprongdobo.kep_-1024x575.jpg\" alt=\"\" class=\"wp-image-122\" srcset=\"https:\/\/mezeshegyiloter.hu\/wordpress\/wp-content\/uploads\/2021\/01\/koprongdobo.kep_-1024x575.jpg 1024w, https:\/\/mezeshegyiloter.hu\/wordpress\/wp-content\/uploads\/2021\/01\/koprongdobo.kep_-300x168.jpg 300w, https:\/\/mezeshegyiloter.hu\/wordpress\/wp-content\/uploads\/2021\/01\/koprongdobo.kep_-768x431.jpg 768w, https:\/\/mezeshegyiloter.hu\/wordpress\/wp-content\/uploads\/2021\/01\/koprongdobo.kep_.jpg 1083w\" sizes=\"auto, (max-width: 1024px) 100vw, 1024px\" \/><\/figure>\n\n\n\n<figure class=\"wp-block-image size-large\"><img loading=\"lazy\" decoding=\"async\" width=\"1024\" height=\"575\" data-id=\"123\" src=\"https:\/\/mezeshegyiloter.hu\/wordpress\/wp-content\/uploads\/2021\/01\/loter-fegyver-1024x575.jpg\" alt=\"\" class=\"wp-image-123\" srcset=\"https:\/\/mezeshegyiloter.hu\/wordpress\/wp-content\/uploads\/2021\/01\/loter-fegyver-1024x575.jpg 1024w, https:\/\/mezeshegyiloter.hu\/wordpress\/wp-content\/uploads\/2021\/01\/loter-fegyver-300x168.jpg 300w, https:\/\/mezeshegyiloter.hu\/wordpress\/wp-content\/uploads\/2021\/01\/loter-fegyver-768x431.jpg 768w, https:\/\/mezeshegyiloter.hu\/wordpress\/wp-content\/uploads\/2021\/01\/loter-fegyver.jpg 1170w\" sizes=\"auto, (max-width: 1024px) 100vw, 1024px\" \/><\/figure>\n\n\n\n<figure class=\"wp-block-image size-large\"><img loading=\"lazy\" decoding=\"async\" width=\"1024\" height=\"575\" data-id=\"124\" src=\"https:\/\/mezeshegyiloter.hu\/wordpress\/wp-content\/uploads\/2021\/01\/skeet-loves-1024x575.jpg\" alt=\"\" class=\"wp-image-124\" srcset=\"https:\/\/mezeshegyiloter.hu\/wordpress\/wp-content\/uploads\/2021\/01\/skeet-loves-1024x575.jpg 1024w, https:\/\/mezeshegyiloter.hu\/wordpress\/wp-content\/uploads\/2021\/01\/skeet-loves-300x168.jpg 300w, https:\/\/mezeshegyiloter.hu\/wordpress\/wp-content\/uploads\/2021\/01\/skeet-loves-768x431.jpg 768w, https:\/\/mezeshegyiloter.hu\/wordpress\/wp-content\/uploads\/2021\/01\/skeet-loves-1536x863.jpg 1536w, https:\/\/mezeshegyiloter.hu\/wordpress\/wp-content\/uploads\/2021\/01\/skeet-loves-2048x1150.jpg 2048w, https:\/\/mezeshegyiloter.hu\/wordpress\/wp-content\/uploads\/2021\/01\/skeet-loves-1920x1080.jpg 1920w\" sizes=\"auto, (max-width: 1024px) 100vw, 1024px\" \/><\/figure>\n\n\n\n<figure class=\"wp-block-image size-large\"><img loading=\"lazy\" decoding=\"async\" width=\"1024\" height=\"560\" data-id=\"125\" src=\"https:\/\/mezeshegyiloter.hu\/wordpress\/wp-content\/uploads\/2021\/01\/skeet-trap-1024x560.jpg\" alt=\"\" class=\"wp-image-125\" srcset=\"https:\/\/mezeshegyiloter.hu\/wordpress\/wp-content\/uploads\/2021\/01\/skeet-trap-1024x560.jpg 1024w, https:\/\/mezeshegyiloter.hu\/wordpress\/wp-content\/uploads\/2021\/01\/skeet-trap-300x164.jpg 300w, https:\/\/mezeshegyiloter.hu\/wordpress\/wp-content\/uploads\/2021\/01\/skeet-trap-768x420.jpg 768w, https:\/\/mezeshegyiloter.hu\/wordpress\/wp-content\/uploads\/2021\/01\/skeet-trap-1536x840.jpg 1536w, https:\/\/mezeshegyiloter.hu\/wordpress\/wp-content\/uploads\/2021\/01\/skeet-trap-2048x1120.jpg 2048w\" sizes=\"auto, (max-width: 1024px) 100vw, 1024px\" \/><\/figure>\n<\/figure>\n\n\n\n<figure class=\"wp-block-video\"><video controls src=\"https:\/\/mezeshegyiloter.hu\/wordpress\/wp-content\/uploads\/2025\/01\/Kisfilm-II-video-2021.04.17.mp4\"><\/video><\/figure>\n\n\n\n<p><\/p>\n\n\n\n<figure class=\"wp-block-gallery has-nested-images columns-default is-cropped wp-block-gallery-3 is-layout-flex wp-block-gallery-is-layout-flex\">\n<figure class=\"wp-block-image size-large\"><img loading=\"lazy\" decoding=\"async\" width=\"1024\" height=\"683\" data-id=\"203\" src=\"https:\/\/mezeshegyiloter.hu\/wordpress\/wp-content\/uploads\/2025\/01\/DJI_0004-1024x683.jpg\" alt=\"\" class=\"wp-image-203\" srcset=\"https:\/\/mezeshegyiloter.hu\/wordpress\/wp-content\/uploads\/2025\/01\/DJI_0004-1024x683.jpg 1024w, https:\/\/mezeshegyiloter.hu\/wordpress\/wp-content\/uploads\/2025\/01\/DJI_0004-300x200.jpg 300w, https:\/\/mezeshegyiloter.hu\/wordpress\/wp-content\/uploads\/2025\/01\/DJI_0004-768x512.jpg 768w, https:\/\/mezeshegyiloter.hu\/wordpress\/wp-content\/uploads\/2025\/01\/DJI_0004-1536x1024.jpg 1536w, https:\/\/mezeshegyiloter.hu\/wordpress\/wp-content\/uploads\/2025\/01\/DJI_0004-2048x1365.jpg 2048w\" sizes=\"auto, (max-width: 1024px) 100vw, 1024px\" \/><\/figure>\n\n\n\n<figure class=\"wp-block-image size-large\"><img loading=\"lazy\" decoding=\"async\" width=\"1024\" height=\"683\" data-id=\"204\" src=\"https:\/\/mezeshegyiloter.hu\/wordpress\/wp-content\/uploads\/2025\/01\/DJI_0009-1024x683.jpg\" alt=\"\" class=\"wp-image-204\" srcset=\"https:\/\/mezeshegyiloter.hu\/wordpress\/wp-content\/uploads\/2025\/01\/DJI_0009-1024x683.jpg 1024w, https:\/\/mezeshegyiloter.hu\/wordpress\/wp-content\/uploads\/2025\/01\/DJI_0009-300x200.jpg 300w, https:\/\/mezeshegyiloter.hu\/wordpress\/wp-content\/uploads\/2025\/01\/DJI_0009-768x512.jpg 768w, https:\/\/mezeshegyiloter.hu\/wordpress\/wp-content\/uploads\/2025\/01\/DJI_0009-1536x1024.jpg 1536w, https:\/\/mezeshegyiloter.hu\/wordpress\/wp-content\/uploads\/2025\/01\/DJI_0009-2048x1365.jpg 2048w\" sizes=\"auto, (max-width: 1024px) 100vw, 1024px\" \/><\/figure>\n<\/figure>\n","protected":false},"excerpt":{"rendered":"<p>Bel\u00f6v\u0151p\u00e1lya Pillanatk\u00e9pek<\/p>\n","protected":false},"author":1,"featured_media":0,"parent":0,"menu_order":0,"comment_status":"closed","ping_status":"closed","template":"","meta":{"footnotes":""},"class_list":["post-93","page","type-page","status-publish","hentry"],"_links":{"self":[{"href":"https:\/\/mezeshegyiloter.hu\/wordpress\/wp-json\/wp\/v2\/pages\/93","targetHints":{"allow":["GET"]}}],"collection":[{"href":"https:\/\/mezeshegyiloter.hu\/wordpress\/wp-json\/wp\/v2\/pages"}],"about":[{"href":"https:\/\/mezeshegyiloter.hu\/wordpress\/wp-json\/wp\/v2\/types\/page"}],"author":[{"embeddable":true,"href":"https:\/\/mezeshegyiloter.hu\/wordpress\/wp-json\/wp\/v2\/users\/1"}],"replies":[{"embeddable":true,"href":"https:\/\/mezeshegyiloter.hu\/wordpress\/wp-json\/wp\/v2\/comments?post=93"}],"version-history":[{"count":5,"href":"https:\/\/mezeshegyiloter.hu\/wordpress\/wp-json\/wp\/v2\/pages\/93\/revisions"}],"predecessor-version":[{"id":202,"href":"https:\/\/mezeshegyiloter.hu\/wordpress\/wp-json\/wp\/v2\/pages\/93\/revisions\/202"}],"wp:attachment":[{"href":"https:\/\/mezeshegyiloter.hu\/wordpress\/wp-json\/wp\/v2\/media?parent=93"}],"curies":[{"name":"wp","href":"https:\/\/api.w.org\/{rel}","templated":true}]}}