{"id":8,"date":"2021-01-09T10:57:19","date_gmt":"2021-01-09T10:57:19","guid":{"rendered":"http:\/\/mezeshegyiloter.hu\/wordpress\/?page_id=8"},"modified":"2026-01-29T10:49:42","modified_gmt":"2026-01-29T10:49:42","slug":"koszontjuk-oldalunkon","status":"publish","type":"page","link":"https:\/\/mezeshegyiloter.hu\/wordpress\/","title":{"rendered":"K\u00f6sz\u00f6ntj\u00fck oldalunkon!"},"content":{"rendered":"\n<p class=\"has-text-align-left\"><strong>FONTOS INFORM\u00c1CI\u00d3 A MEGK\u00d6ZEL\u00cdT\u00c9SHEZ! \/<\/strong> <strong>IMPORTANT INFORMATION FOR YOUR ARRIVAL!<\/strong><\/p>\n\n\n\n<p class=\"has-text-align-left\"><\/p>\n\n\n\n<p><em><strong>FIGYELEM!\u00a0<\/strong><\/em>: az\u00a0<strong>ERDEI \u00daTON<\/strong>\u00a0<strong>NE HASZN\u00c1LJA A GPS<\/strong>\u00a0\u00e1ltal megadott \u00fatvonalat, a helyes \u00fatvonal a kapcsolat men\u00fc alatt olvashat\u00f3!<\/p>\n\n\n\n<p><strong>ATTENTION! : DO NOT USE THE GPS route on the FOREST ROAD, the correct route can be found under the contact menu!<\/strong><\/p>\n\n\n\n<p>  <\/p>\n\n\n\n<p><\/p>\n\n\n\n<p class=\"has-text-align-left\">Az Erd\u0151spusztai SE. megalakul\u00e1s\u00e1nak alapvet\u0151 c\u00e9lja az, hogy kultur\u00e1lt, rendezett k\u00f6r\u00fclm\u00e9nyek k\u00f6z\u00f6tt lehet\u0151s\u00e9get biztos\u00edtson a l\u00f6v\u00e9sz sport szerelmeseinek gyakorl\u00e1sra, kikapcsol\u00f3d\u00e1sra. Erre a c\u00e9lra t\u00f6k\u00e9letes helysz\u00edn a M\u00c9ZESHEGYI L\u0150T\u00c9R, melyet az Erd\u0151spusztai SE. \u00fczemeltet.<\/p>\n\n\n\n<p class=\"has-text-align-left\">Hogy kiket v\u00e1runk l\u0151ter\u00fcnkre?<br>A sportl\u00f6v\u0151ket, a vad\u00e1szokat, \u00e9s azokat, akik fegyvertart\u00e1si enged\u00e9llyel nem rendelkeznek, de a fegyverek, illetve a l\u00f6v\u00e9szet ir\u00e1nt \u00e9rdekl\u0151dnek.<br>Egyes\u00fclet\u00fcnk lehet\u0151s\u00e9get biztos\u00edt c\u00e9gek ak\u00e1r eg\u00e9sz napos rendezv\u00e9nyeinek lebonyol\u00edt\u00e1s\u00e1ra.<br>A sportl\u00f6v\u0151k sz\u00ednvonalas k\u00f6r\u00fclm\u00e9nyek k\u00f6z\u00f6tt gyakorolhatnak \u00e9s szeretettel v\u00e1rjuk \u0151ket saj\u00e1t rendez\u00e9s\u0171 versenyeinkre is.<br>A vad\u00e1szok sz\u00e1m\u00e1ra l\u0151 k\u00e9szs\u00e9g\u00fck fejleszt\u00e9s\u00e9hez tudunk seg\u00edts\u00e9get ny\u00fajtani, eredm\u00e9nyesebb vad\u00e1szatok el\u00e9r\u00e9s\u00e9hez.<br>V\u00e1rjuk az \u0151rz\u0151-v\u00e9d\u0151 c\u00e9geket is, akik a biztosabb fegyverkezel\u00e9s \u00e9rdek\u00e9ben tov\u00e1bbk\u00e9pz\u00e9sre tartanak ig\u00e9nyt.<br>Fegyvertart\u00e1si enged\u00e9llyel m\u00e9g nem rendelkez\u0151k is lehet\u0151s\u00e9get kapnak &#8211; term\u00e9szetesen miut\u00e1n l\u00f6v\u00e9szetvezet\u0151ink megtan\u00edtj\u00e1k \u0151ket a fegyver biztons\u00e1gos kezel\u00e9s\u00e9re- a k\u00fcl\u00f6nb\u00f6z\u0151 s\u00f6r\u00e9tes-, goly\u00f3s vad\u00e1szfegyverek, illetve marokl\u0151fegyverek kipr\u00f3b\u00e1l\u00e1s\u00e1ra.<br>A l\u00f6v\u00e9szethez, l\u0151t\u00e9r haszn\u00e1lat\u00e1hoz el\u0151zetes bejelentkez\u00e9s sz\u00fcks\u00e9ges.<\/p>\n\n\n\n<p class=\"has-text-align-center has-normal-font-size\">Nyitva tart\u00e1s: <strong>Minden szombati<\/strong> napon 9:00-13:00-ig! (ig\u00e9ny eset\u00e9n hosszabb nyitvatart\u00e1s)<\/p>\n\n\n\n<p class=\"has-text-align-center\">A h\u00e9t tov\u00e1bbi napjain csak <strong>el\u0151re lefoglalt id\u0151pontban<\/strong>!<\/p>\n\n\n\n<p class=\"has-text-align-center\">+36309622661 Boh\u00e1tka L\u00e1szl\u00f3 l\u00f6v\u00e9szetvezet\u0151<\/p>\n\n\n\n<p><\/p>\n","protected":false},"excerpt":{"rendered":"<p>FONTOS INFORM\u00c1CI\u00d3 A MEGK\u00d6ZEL\u00cdT\u00c9SHEZ! \/ IMPORTANT INFORMATION FOR YOUR ARRIVAL! FIGYELEM!\u00a0: az\u00a0ERDEI \u00daTON\u00a0NE HASZN\u00c1LJA A GPS\u00a0\u00e1ltal megadott \u00fatvonalat, a helyes<\/p>\n<p><a href=\"https:\/\/mezeshegyiloter.hu\/wordpress\/\" class=\"more-link\">Continue reading<span class=\"screen-reader-text\">K\u00f6sz\u00f6ntj\u00fck oldalunkon!<\/span><\/a><\/p>\n","protected":false},"author":2,"featured_media":0,"parent":0,"menu_order":0,"comment_status":"closed","ping_status":"closed","template":"","meta":{"footnotes":""},"class_list":["post-8","page","type-page","status-publish","hentry"],"_links":{"self":[{"href":"https:\/\/mezeshegyiloter.hu\/wordpress\/wp-json\/wp\/v2\/pages\/8","targetHints":{"allow":["GET"]}}],"collection":[{"href":"https:\/\/mezeshegyiloter.hu\/wordpress\/wp-json\/wp\/v2\/pages"}],"about":[{"href":"https:\/\/mezeshegyiloter.hu\/wordpress\/wp-json\/wp\/v2\/types\/page"}],"author":[{"embeddable":true,"href":"https:\/\/mezeshegyiloter.hu\/wordpress\/wp-json\/wp\/v2\/users\/2"}],"replies":[{"embeddable":true,"href":"https:\/\/mezeshegyiloter.hu\/wordpress\/wp-json\/wp\/v2\/comments?post=8"}],"version-history":[{"count":10,"href":"https:\/\/mezeshegyiloter.hu\/wordpress\/wp-json\/wp\/v2\/pages\/8\/revisions"}],"predecessor-version":[{"id":224,"href":"https:\/\/mezeshegyiloter.hu\/wordpress\/wp-json\/wp\/v2\/pages\/8\/revisions\/224"}],"wp:attachment":[{"href":"https:\/\/mezeshegyiloter.hu\/wordpress\/wp-json\/wp\/v2\/media?parent=8"}],"curies":[{"name":"wp","href":"https:\/\/api.w.org\/{rel}","templated":true}]}}