{"id":26,"date":"2021-01-09T12:05:28","date_gmt":"2021-01-09T12:05:28","guid":{"rendered":"http:\/\/mezeshegyiloter.hu\/wordpress\/?page_id=26"},"modified":"2025-09-25T16:27:39","modified_gmt":"2025-09-25T16:27:39","slug":"kapcsolat","status":"publish","type":"page","link":"https:\/\/mezeshegyiloter.hu\/wordpress\/kapcsolat\/","title":{"rendered":"Kapcsolat"},"content":{"rendered":"\n<p class=\"has-text-align-left\" style=\"font-size:25px\">Erd\u0151spusztai Lovas, L\u00f6v\u00e9sz Sport \u00e9s Szabadid\u0151s Egyes\u00fclet<br>4002 Debrecen Boh\u00e1tka Tanya 1.<br>Email: &#x6d;&#x65;&#122;&#101;sh&#x65;&#x67;&#x79;&#105;lo&#x74;&#x65;&#x72;&#64;&#103;m&#x61;&#x69;&#x6c;&#46;&#99;o&#x6d;<br>Ad\u00f3sz\u00e1m: 19167271-1-09<\/p>\n\n\n\n<p style=\"font-size:25px\">L\u00f6v\u00e9szetvezet\u0151:<br>Boh\u00e1tka L\u00e1szl\u00f3 eln\u00f6k +3630 9622661<\/p>\n\n\n\n<p class=\"has-text-align-center\" style=\"font-size:25px\">Itt tal\u00e1lja a l\u0151teret:<\/p>\n\n\n\n<p>GPS koordin\u00e1ta: 47.460073, 21.701751 <\/p>\n\n\n\n<p><em><strong>FIGYELEM! <\/strong><\/em>: az <strong>ERDEI \u00daTON<\/strong> <strong>NE HASZN\u00c1LJA A GPS<\/strong> \u00e1ltal megadott \u00fatvonalat, a helyes \u00fatvonal lent olvashat\u00f3:   <\/p>\n\n\n\n<p>Debrecenb\u0151l kihajtani a <strong>47-es<\/strong> f\u0151\u00faton, els\u0151 k\u00f6rforgalomb\u00f3l kihajtani a <strong>3<\/strong>. kij\u00e1raton <strong><em>Biharkeresztes<\/em>  ir\u00e1ny\u00e1ba a 4808<\/strong> sz\u00e1m\u00fa \u00fatra. <strong><em>5.<\/em> kilom\u00e9terk\u0151n\u00e9l<\/strong> balra let\u00e9rni a <strong><em>Paripa Cs\u00e1rd\u00e1hoz<\/em><\/strong>, a cs\u00e1rda el\u00f6tt <strong>tov\u00e1bb egyenesen<\/strong> az erd\u0151be ( <strong><em>NEM KELL LET\u00c9RNI JOBBRA!!!<\/em><\/strong>), csak egyenesen k\u00f6vetve a s\u00e1rga &#8222;<strong><em>L\u0150T\u00c9R<\/em><\/strong>&#8221; t\u00e1bl\u00e1kat. F\u00f6ld\u00fat kb. 1200m.<\/p>\n\n\n<div id=\"wpgmza_map\" class=\"wpgmza_map\" data-settings='{\"id\":\"1\",\"map_title\":\"New Map\",\"map_width\":\"100\",\"map_height\":\"400\",\"map_start_lat\":\"47.459127541307424\",\"map_start_lng\":\"21.693756804066428\",\"map_start_location\":\"45.950464398418106,-109.81550500000003\",\"map_start_zoom\":\"14\",\"default_marker\":\"\",\"type\":\"0\",\"alignment\":\"4\",\"directions_enabled\":\"0\",\"styling_enabled\":\"0\",\"styling_json\":\"\",\"active\":\"0\",\"kml\":\"\",\"bicycle\":\"0\",\"traffic\":\"0\",\"dbox\":\"0\",\"dbox_width\":\"\",\"listmarkers\":\"0\",\"listmarkers_advanced\":\"0\",\"filterbycat\":\"0\",\"ugm_enabled\":\"0\",\"ugm_category_enabled\":\"0\",\"fusion\":\"\",\"map_width_type\":\"%\",\"map_height_type\":\"px\",\"mass_marker_support\":\"0\",\"ugm_access\":\"0\",\"order_markers_by\":\"0\",\"order_markers_choice\":\"0\",\"show_user_location\":\"0\",\"default_to\":\"\",\"other_settings\":{\"map_type\":1,\"sl_stroke_color\":\"\",\"sl_fill_color\":\"\",\"sl_stroke_opacity\":\"\",\"sl_fill_opacity\":\"\",\"action\":\"wpgmza_save_map\",\"redirect_to\":\"\\\/loter\\\/wp-admin\\\/admin-post.php\",\"map_id\":\"1\",\"http_referer\":\"\\\/loter\\\/wp-admin\\\/admin.php?page=wp-google-maps-menu&amp;override=1&amp;action=edit&amp;map_id=1\",\"wpgmza_id\":\"1\",\"wpgmza_start_location\":\"47.459127541307424,21.693756804066428\",\"wpgmza_start_zoom\":\"14\",\"store_locator_enabled\":false,\"store_locator_search_area\":\"radial\",\"wpgmza_store_locator_radius_style\":\"legacy\",\"wpgmza_store_locator_default_radius\":\"10\",\"store_locator_auto_area_max_zoom\":\"\",\"store_locator_distance\":false,\"wpgmza_store_locator_position\":false,\"wpgmza_store_locator_category_enabled\":false,\"wpgmza_store_locator_use_their_location\":false,\"wpgmza_store_locator_bounce\":false,\"wpgmza_sl_animation\":null,\"wpgmza_store_locator_hide_before_search\":false,\"wpgmza_store_locator_query_string\":\"\",\"wpgmza_store_locator_default_address\":\"\",\"wpgmza_store_locator_name_search\":false,\"wpgmza_store_locator_name_string\":\"\",\"wpgmza_store_locator_not_found_message\":\"\",\"wpgmza_map_align\":\"1\",\"jump_to_nearest_marker_on_initialization\":false,\"automatically_pan_to_users_location\":false,\"show_distance_from_location\":false,\"map_max_zoom\":\"21\",\"map_min_zoom\":\"0\",\"click_open_link\":false,\"fit_maps_bounds_to_markers\":false,\"fit_maps_bounds_to_markers_after_filtering\":false,\"hide_point_of_interest\":false,\"wpgmza_zoom_on_marker_click\":false,\"wpgmza_zoom_on_marker_click_slider\":\"\",\"transport_layer\":false,\"close_infowindow_on_map_click\":false,\"disable_lightbox_images\":false,\"use_Raw_Jpeg_Coordinates\":false,\"polygon_labels\":false,\"wpgmza_kml\":\"\",\"enable_marker_ratings\":false,\"only_load_markers_within_viewport\":false,\"iw_primary_color\":\"\",\"iw_accent_color\":\"\",\"iw_text_color\":\"\",\"wpgmza_listmarkers_by\":\"0\",\"wpgmza_marker_listing_position\":false,\"datatable_no_result_message\":\"\",\"remove_search_box_datables\":false,\"dataTable_pagination_style\":null,\"datatable_search_string\":\"\",\"datatable_result_start\":\"\",\"datatable_result_of\":\"\",\"datatable_result_to\":\"\",\"datatable_result_total\":\"\",\"datatable_result_show\":\"\",\"datatable_result_entries\":\"\",\"wpgmza_savemap\":\"Save Map \\u00bb\"}}' data-map-id='1' Data-maps-engine='open-layers' data-shortcode-attributes='{\"id\":\"1\"}' style=\"display:block; overflow:auto; width:100%; height:400px; float:left;\"><\/div>\n","protected":false},"excerpt":{"rendered":"<p>Erd\u0151spusztai Lovas, L\u00f6v\u00e9sz Sport \u00e9s Szabadid\u0151s Egyes\u00fclet4002 Debrecen Boh\u00e1tka Tanya 1.Email: &#x6d;&#x65;&#x7a;&#x65;&#115;&#104;&#101;gy&#x69;&#x6c;&#x6f;&#x74;&#x65;&#114;&#64;&#103;ma&#x69;&#x6c;&#x2e;&#x63;&#x6f;&#109;Ad\u00f3sz\u00e1m: 19167271-1-09 L\u00f6v\u00e9szetvezet\u0151:Boh\u00e1tka L\u00e1szl\u00f3 eln\u00f6k +3630 9622661 Itt tal\u00e1lja<\/p>\n<p><a href=\"https:\/\/mezeshegyiloter.hu\/wordpress\/kapcsolat\/\" class=\"more-link\">Continue reading<span class=\"screen-reader-text\">Kapcsolat<\/span><\/a><\/p>\n","protected":false},"author":1,"featured_media":0,"parent":0,"menu_order":0,"comment_status":"closed","ping_status":"closed","template":"","meta":{"footnotes":""},"class_list":["post-26","page","type-page","status-publish","hentry"],"_links":{"self":[{"href":"https:\/\/mezeshegyiloter.hu\/wordpress\/wp-json\/wp\/v2\/pages\/26","targetHints":{"allow":["GET"]}}],"collection":[{"href":"https:\/\/mezeshegyiloter.hu\/wordpress\/wp-json\/wp\/v2\/pages"}],"about":[{"href":"https:\/\/mezeshegyiloter.hu\/wordpress\/wp-json\/wp\/v2\/types\/page"}],"author":[{"embeddable":true,"href":"https:\/\/mezeshegyiloter.hu\/wordpress\/wp-json\/wp\/v2\/users\/1"}],"replies":[{"embeddable":true,"href":"https:\/\/mezeshegyiloter.hu\/wordpress\/wp-json\/wp\/v2\/comments?post=26"}],"version-history":[{"count":10,"href":"https:\/\/mezeshegyiloter.hu\/wordpress\/wp-json\/wp\/v2\/pages\/26\/revisions"}],"predecessor-version":[{"id":213,"href":"https:\/\/mezeshegyiloter.hu\/wordpress\/wp-json\/wp\/v2\/pages\/26\/revisions\/213"}],"wp:attachment":[{"href":"https:\/\/mezeshegyiloter.hu\/wordpress\/wp-json\/wp\/v2\/media?parent=26"}],"curies":[{"name":"wp","href":"https:\/\/api.w.org\/{rel}","templated":true}]}}