{"id":129,"date":"2021-02-08T17:52:53","date_gmt":"2021-02-08T17:52:53","guid":{"rendered":"http:\/\/mezeshegyiloter.hu\/wordpress\/?page_id=129"},"modified":"2025-09-25T16:41:49","modified_gmt":"2025-09-25T16:41:49","slug":"dokumentumok","status":"publish","type":"page","link":"https:\/\/mezeshegyiloter.hu\/wordpress\/dokumentumok\/","title":{"rendered":"Enged\u00e9lyek, szab\u00e1lyok"},"content":{"rendered":"\n<div class=\"wp-block-file\"><a id=\"wp-block-file--media-7a7880e5-75b3-40da-9397-ecdad74d77ae\" href=\"https:\/\/mezeshegyiloter.hu\/wordpress\/wp-content\/uploads\/2025\/09\/alapszabaly.pdf\">alapszab\u00e1ly<\/a><a href=\"https:\/\/mezeshegyiloter.hu\/wordpress\/wp-content\/uploads\/2025\/09\/alapszabaly.pdf\" class=\"wp-block-file__button wp-element-button\" download aria-describedby=\"wp-block-file--media-7a7880e5-75b3-40da-9397-ecdad74d77ae\">LEt\u00f6lt\u00e9s<\/a><\/div>\n\n\n\n<div class=\"wp-block-file\"><a href=\"http:\/\/mezeshegyiloter.hu\/wordpress\/wp-content\/uploads\/2021\/02\/hatarozat01m_loteruzemeltesi_engedely_signed.pdf\">L\u0151t\u00e9r \u00fczemeltet\u00e9si enged\u00e9ly<\/a><a href=\"http:\/\/mezeshegyiloter.hu\/wordpress\/wp-content\/uploads\/2021\/02\/hatarozat01m_loteruzemeltesi_engedely_signed.pdf\" class=\"wp-block-file__button wp-element-button\" download>Let\u00f6lt\u00e9s<\/a><\/div>\n\n\n\n<div class=\"wp-block-file\"><a href=\"http:\/\/mezeshegyiloter.hu\/wordpress\/wp-content\/uploads\/2021\/02\/hatarozat02m_tarolohely_signed.pdf\">T\u00e1rol\u00f3hely hat\u00e1rozat<\/a><a href=\"http:\/\/mezeshegyiloter.hu\/wordpress\/wp-content\/uploads\/2021\/02\/hatarozat02m_tarolohely_signed.pdf\" class=\"wp-block-file__button wp-element-button\" download>Let\u00f6lt\u00e9s<\/a><\/div>\n\n\n\n<div class=\"wp-block-file\"><a href=\"http:\/\/mezeshegyiloter.hu\/wordpress\/wp-content\/uploads\/2021\/02\/hatarozat03m_bohatka_laszlo_alkalmazotti_feljogositas_signed.pdf\">Boh\u00e1tka L\u00e1szl\u00f3 alkalmazotti feljogos\u00edt\u00e1s hat\u00e1rozat<\/a><a href=\"http:\/\/mezeshegyiloter.hu\/wordpress\/wp-content\/uploads\/2021\/02\/hatarozat03m_bohatka_laszlo_alkalmazotti_feljogositas_signed.pdf\" class=\"wp-block-file__button wp-element-button\" download>let\u00f6lt\u00e9s<\/a><\/div>\n\n\n\n<p><\/p>\n","protected":false},"excerpt":{"rendered":"","protected":false},"author":1,"featured_media":0,"parent":0,"menu_order":0,"comment_status":"closed","ping_status":"closed","template":"","meta":{"footnotes":""},"class_list":["post-129","page","type-page","status-publish","hentry"],"_links":{"self":[{"href":"https:\/\/mezeshegyiloter.hu\/wordpress\/wp-json\/wp\/v2\/pages\/129","targetHints":{"allow":["GET"]}}],"collection":[{"href":"https:\/\/mezeshegyiloter.hu\/wordpress\/wp-json\/wp\/v2\/pages"}],"about":[{"href":"https:\/\/mezeshegyiloter.hu\/wordpress\/wp-json\/wp\/v2\/types\/page"}],"author":[{"embeddable":true,"href":"https:\/\/mezeshegyiloter.hu\/wordpress\/wp-json\/wp\/v2\/users\/1"}],"replies":[{"embeddable":true,"href":"https:\/\/mezeshegyiloter.hu\/wordpress\/wp-json\/wp\/v2\/comments?post=129"}],"version-history":[{"count":9,"href":"https:\/\/mezeshegyiloter.hu\/wordpress\/wp-json\/wp\/v2\/pages\/129\/revisions"}],"predecessor-version":[{"id":217,"href":"https:\/\/mezeshegyiloter.hu\/wordpress\/wp-json\/wp\/v2\/pages\/129\/revisions\/217"}],"wp:attachment":[{"href":"https:\/\/mezeshegyiloter.hu\/wordpress\/wp-json\/wp\/v2\/media?parent=129"}],"curies":[{"name":"wp","href":"https:\/\/api.w.org\/{rel}","templated":true}]}}